{"id":293,"date":"2023-10-17T10:10:21","date_gmt":"2023-10-17T10:10:21","guid":{"rendered":"https:\/\/fleurnetwork.org\/?page_id=293"},"modified":"2026-03-17T17:46:58","modified_gmt":"2026-03-17T17:46:58","slug":"annual-conference-2","status":"publish","type":"page","link":"https:\/\/fleurnetwork.org\/?page_id=293","title":{"rendered":"Annual Conference"},"content":{"rendered":"\n<h2 class=\"wp-block-heading\"><strong>Conf\u00e9rence 2026 <\/strong><\/h2>\n\n\n\n<div class=\"wp-block-file\"><a id=\"wp-block-file--media-2272faee-09dd-4ee4-8b16-12c364136f1e\" href=\"https:\/\/fleurnetwork.org\/wp-content\/uploads\/2026\/03\/Formulaire-bourse-conference-FLEUR.docx\">Formulaire bourse conf\u00e9rence FLEUR<\/a><a href=\"https:\/\/fleurnetwork.org\/wp-content\/uploads\/2026\/03\/Formulaire-bourse-conference-FLEUR.docx\" class=\"wp-block-file__button wp-element-button\" download aria-describedby=\"wp-block-file--media-2272faee-09dd-4ee4-8b16-12c364136f1e\">Download<\/a><\/div>\n\n\n\n<div data-wp-interactive=\"core\/file\" class=\"wp-block-file\"><object data-wp-bind--hidden=\"!state.hasPdfPreview\" hidden class=\"wp-block-file__embed\" data=\"https:\/\/fleurnetwork.org\/wp-content\/uploads\/2026\/03\/Appel-communications.pdf\" type=\"application\/pdf\" style=\"width:100%;height:600px\" aria-label=\"Embed of Appel communications.\"><\/object><a id=\"wp-block-file--media-5bf7450d-2cfd-40f0-bc6c-0039688a768f\" href=\"https:\/\/fleurnetwork.org\/wp-content\/uploads\/2026\/03\/Appel-communications.pdf\">Appel communications<\/a><a href=\"https:\/\/fleurnetwork.org\/wp-content\/uploads\/2026\/03\/Appel-communications.pdf\" class=\"wp-block-file__button wp-element-button\" download aria-describedby=\"wp-block-file--media-5bf7450d-2cfd-40f0-bc6c-0039688a768f\">Download<\/a><\/div>\n\n\n\n<h2 class=\"wp-block-heading\"><strong>Conf\u00e9rence 2025<\/strong><\/h2>\n\n\n\n<p>Merci \u00e0 celles et ceux qui ont pr\u00e9sent\u00e9 durant notre conf\u00e9rence en ligne de septembre 2025.<\/p>\n\n\n\n<p>Vous pouvez trouver le bilan de la conf\u00e9rence <a href=\"https:\/\/fleurnetwork.org\/wp-content\/uploads\/2026\/01\/Bilan-conference-2025.pdf\">ici<\/a>.<\/p>\n\n\n\n<figure class=\"wp-block-image size-full is-resized\"><img loading=\"lazy\" decoding=\"async\" width=\"940\" height=\"480\" src=\"https:\/\/fleurnetwork.org\/wp-content\/uploads\/2026\/01\/image-4.png\" alt=\"\" class=\"wp-image-440\" style=\"width:1200px;height:auto\" srcset=\"https:\/\/fleurnetwork.org\/wp-content\/uploads\/2026\/01\/image-4.png 940w, https:\/\/fleurnetwork.org\/wp-content\/uploads\/2026\/01\/image-4-300x153.png 300w, https:\/\/fleurnetwork.org\/wp-content\/uploads\/2026\/01\/image-4-768x392.png 768w\" sizes=\"auto, (max-width: 940px) 100vw, 940px\" \/><\/figure>\n\n\n\n<p>Nous avons le plaisir d\u2019annoncer la troisi\u00e8me \u00e9dition de la conf\u00e9rence FLEUR, qui se tiendra <strong>en ligne le mardi 9 septembre 2025<\/strong>.<\/p>\n\n\n\n<p>Vous trouverez ci-dessous le programme complet ainsi que le lien vers les modalit\u00e9s d\u2019inscription.<\/p>\n\n\n\n<p>Au plaisir de vous retrouver en ligne lors de cet \u00e9v\u00e9nement !<\/p>\n\n\n\n<div data-wp-interactive=\"core\/file\" class=\"wp-block-file\"><object data-wp-bind--hidden=\"!state.hasPdfPreview\" hidden class=\"wp-block-file__embed\" data=\"https:\/\/fleurnetwork.org\/wp-content\/uploads\/2025\/07\/Programme-Conference-FLEUR-9-septembre-2025.pdf\" type=\"application\/pdf\" style=\"width:100%;height:600px\" aria-label=\"Embed of Programme Conf\u00e9rence FLEUR 9 septembre 2025.\"><\/object><a id=\"wp-block-file--media-8789c9b3-ce38-4c51-958f-5d4959f4ee7f\" href=\"https:\/\/fleurnetwork.org\/wp-content\/uploads\/2025\/07\/Programme-Conference-FLEUR-9-septembre-2025.pdf\">Programme Conf\u00e9rence FLEUR 9 septembre 2025<\/a><a href=\"https:\/\/fleurnetwork.org\/wp-content\/uploads\/2025\/07\/Programme-Conference-FLEUR-9-septembre-2025.pdf\" class=\"wp-block-file__button wp-element-button\" download aria-describedby=\"wp-block-file--media-8789c9b3-ce38-4c51-958f-5d4959f4ee7f\">Download<\/a><\/div>\n\n\n\n<p><a href=\"https:\/\/fleurnetwork.org\/wp-content\/uploads\/2025\/06\/Conference-2025-inscriptions.pdf\" data-type=\"attachment\" data-id=\"396\">Conf\u00e9rence 2025 &#8211; inscriptions<\/a><\/p>\n\n\n\n<hr class=\"wp-block-separator has-alpha-channel-opacity\"\/>\n\n\n\n<p><strong>Conf\u00e9rence annuelle<\/strong><\/p>\n\n\n\n<p>FLEUR est heureuse de partager avec vous le bilan de notre conf\u00e9rence 2024, un moment privil\u00e9gi\u00e9 de r\u00e9flexion et d\u2019\u00e9changes autour de nos pratiques et d\u2019initiatives novatrices pour notre discipline.<\/p>\n\n\n\n<p>Merci \u00e0 tout.es celles et ceux qui ont contribu\u00e9 \u00e0 faire de cette conf\u00e9rence un succ\u00e8s !<\/p>\n\n\n\n<p><strong>Conf\u00e9rences pr\u00e9c\u00e9dentes<\/strong><\/p>\n\n\n\n<div class=\"wp-block-columns is-layout-flex wp-container-core-columns-is-layout-28f84493 wp-block-columns-is-layout-flex\">\n<div class=\"wp-block-column is-layout-flow wp-block-column-is-layout-flow\">\n<figure class=\"wp-block-image size-large\"><img loading=\"lazy\" decoding=\"async\" width=\"1024\" height=\"771\" src=\"https:\/\/fleurnetwork.org\/wp-content\/uploads\/2024\/10\/Conference-2024-1-1024x771.jpg\" alt=\"\" class=\"wp-image-359\" srcset=\"https:\/\/fleurnetwork.org\/wp-content\/uploads\/2024\/10\/Conference-2024-1-1024x771.jpg 1024w, https:\/\/fleurnetwork.org\/wp-content\/uploads\/2024\/10\/Conference-2024-1-300x226.jpg 300w, https:\/\/fleurnetwork.org\/wp-content\/uploads\/2024\/10\/Conference-2024-1-768x578.jpg 768w, https:\/\/fleurnetwork.org\/wp-content\/uploads\/2024\/10\/Conference-2024-1-1536x1157.jpg 1536w, https:\/\/fleurnetwork.org\/wp-content\/uploads\/2024\/10\/Conference-2024-1-2048x1542.jpg 2048w\" sizes=\"auto, (max-width: 1024px) 100vw, 1024px\" \/><\/figure>\n<\/div>\n\n\n\n<div class=\"wp-block-column is-layout-flow wp-block-column-is-layout-flow\">\n<figure class=\"wp-block-image size-large\"><img loading=\"lazy\" decoding=\"async\" width=\"1024\" height=\"771\" src=\"https:\/\/fleurnetwork.org\/wp-content\/uploads\/2024\/10\/Conference-2024-2-1024x771.jpg\" alt=\"\" class=\"wp-image-361\" srcset=\"https:\/\/fleurnetwork.org\/wp-content\/uploads\/2024\/10\/Conference-2024-2-1024x771.jpg 1024w, https:\/\/fleurnetwork.org\/wp-content\/uploads\/2024\/10\/Conference-2024-2-300x226.jpg 300w, https:\/\/fleurnetwork.org\/wp-content\/uploads\/2024\/10\/Conference-2024-2-768x578.jpg 768w, https:\/\/fleurnetwork.org\/wp-content\/uploads\/2024\/10\/Conference-2024-2-1536x1157.jpg 1536w, https:\/\/fleurnetwork.org\/wp-content\/uploads\/2024\/10\/Conference-2024-2-2048x1542.jpg 2048w\" sizes=\"auto, (max-width: 1024px) 100vw, 1024px\" \/><\/figure>\n<\/div>\n\n\n\n<div class=\"wp-block-column is-layout-flow wp-block-column-is-layout-flow\">\n<figure class=\"wp-block-image size-large\"><img loading=\"lazy\" decoding=\"async\" width=\"1024\" height=\"771\" src=\"https:\/\/fleurnetwork.org\/wp-content\/uploads\/2024\/10\/Conference-2024-3-1024x771.jpg\" alt=\"\" class=\"wp-image-362\" srcset=\"https:\/\/fleurnetwork.org\/wp-content\/uploads\/2024\/10\/Conference-2024-3-1024x771.jpg 1024w, https:\/\/fleurnetwork.org\/wp-content\/uploads\/2024\/10\/Conference-2024-3-300x226.jpg 300w, https:\/\/fleurnetwork.org\/wp-content\/uploads\/2024\/10\/Conference-2024-3-768x578.jpg 768w, https:\/\/fleurnetwork.org\/wp-content\/uploads\/2024\/10\/Conference-2024-3-1536x1157.jpg 1536w, https:\/\/fleurnetwork.org\/wp-content\/uploads\/2024\/10\/Conference-2024-3-2048x1542.jpg 2048w\" sizes=\"auto, (max-width: 1024px) 100vw, 1024px\" \/><\/figure>\n<\/div>\n<\/div>\n\n\n\n<div data-wp-interactive=\"core\/file\" class=\"wp-block-file\"><object data-wp-bind--hidden=\"!state.hasPdfPreview\" hidden class=\"wp-block-file__embed\" data=\"https:\/\/fleurnetwork.org\/wp-content\/uploads\/2024\/10\/Conference-2024-Bilan.pdf\" type=\"application\/pdf\" style=\"width:100%;height:600px\" aria-label=\"Embed of Conf\u00e9rence 2024 - Bilan.\"><\/object><a id=\"wp-block-file--media-d67168e5-8ef5-4375-8af5-f36404bf33d9\" href=\"https:\/\/fleurnetwork.org\/wp-content\/uploads\/2024\/10\/Conference-2024-Bilan.pdf\">Conf\u00e9rence 2024 &#8211; Bilan<\/a><a href=\"https:\/\/fleurnetwork.org\/wp-content\/uploads\/2024\/10\/Conference-2024-Bilan.pdf\" class=\"wp-block-file__button wp-element-button\" download aria-describedby=\"wp-block-file--media-d67168e5-8ef5-4375-8af5-f36404bf33d9\">Download<\/a><\/div>\n\n\n\n<p><a href=\"https:\/\/fleurnetwork.org\/wp-content\/uploads\/2024\/09\/Programme-Conference-FLEUR-9-septembre-2024.pdf\" data-type=\"page\" data-id=\"335\">Conf\u00e9rence 2024 \u2013 Programme<\/a><\/p>\n\n\n\n<p><a href=\"https:\/\/fleurnetwork.org\/?page_id=335\" data-type=\"page\" data-id=\"335\">Conf\u00e9rence 2024 \u2013 Inscriptions<\/a><\/p>\n\n\n\n<p><a href=\"https:\/\/fleurnetwork.org\/?page_id=327\" data-type=\"page\" data-id=\"327\">Conf\u00e9rence 2024 &#8211; Appel \u00e0 communications<\/a><\/p>\n\n\n\n<p><a href=\"https:\/\/fleurnetwork.org\/?page_id=205\" data-type=\"page\" data-id=\"205\">Septembre 2023 conf\u00e9rence<\/a><\/p>\n","protected":false},"excerpt":{"rendered":"<p>Conf\u00e9rence 2026 Conf\u00e9rence 2025 Merci \u00e0 celles et ceux qui ont pr\u00e9sent\u00e9 durant notre conf\u00e9rence en ligne de septembre 2025. Vous pouvez trouver le bilan&hellip;<\/p>\n","protected":false},"author":1,"featured_media":0,"parent":0,"menu_order":0,"comment_status":"closed","ping_status":"closed","template":"","meta":{"footnotes":""},"class_list":["post-293","page","type-page","status-publish","hentry"],"_links":{"self":[{"href":"https:\/\/fleurnetwork.org\/index.php?rest_route=\/wp\/v2\/pages\/293","targetHints":{"allow":["GET"]}}],"collection":[{"href":"https:\/\/fleurnetwork.org\/index.php?rest_route=\/wp\/v2\/pages"}],"about":[{"href":"https:\/\/fleurnetwork.org\/index.php?rest_route=\/wp\/v2\/types\/page"}],"author":[{"embeddable":true,"href":"https:\/\/fleurnetwork.org\/index.php?rest_route=\/wp\/v2\/users\/1"}],"replies":[{"embeddable":true,"href":"https:\/\/fleurnetwork.org\/index.php?rest_route=%2Fwp%2Fv2%2Fcomments&post=293"}],"version-history":[{"count":19,"href":"https:\/\/fleurnetwork.org\/index.php?rest_route=\/wp\/v2\/pages\/293\/revisions"}],"predecessor-version":[{"id":455,"href":"https:\/\/fleurnetwork.org\/index.php?rest_route=\/wp\/v2\/pages\/293\/revisions\/455"}],"wp:attachment":[{"href":"https:\/\/fleurnetwork.org\/index.php?rest_route=%2Fwp%2Fv2%2Fmedia&parent=293"}],"curies":[{"name":"wp","href":"https:\/\/api.w.org\/{rel}","templated":true}]}}